{"id":98,"date":"2021-01-18T19:23:05","date_gmt":"2021-01-18T18:23:05","guid":{"rendered":"http:\/\/c2-educcanin.fr\/?page_id=98"},"modified":"2021-01-19T21:15:15","modified_gmt":"2021-01-19T20:15:15","slug":"a-propos-de","status":"publish","type":"page","link":"https:\/\/c2-educcanin.fr\/?page_id=98","title":{"rendered":"Qui suis-je?"},"content":{"rendered":"\n<p>Vous pourriez \u00eatre un artiste et vouloir pr\u00e9senter vos travaux et vous m\u00eame ou encore \u00eatre une entreprise avec une mission \u00e0 promouvoir.<\/p>\n","protected":false},"excerpt":{"rendered":"<p>Vous pourriez \u00eatre un artiste et vouloir pr\u00e9senter vos travaux et vous m\u00eame ou encore \u00eatre une entreprise avec une mission \u00e0 promouvoir.<\/p>\n","protected":false},"author":1,"featured_media":0,"parent":0,"menu_order":0,"comment_status":"closed","ping_status":"closed","template":"","meta":[],"_links":{"self":[{"href":"https:\/\/c2-educcanin.fr\/index.php?rest_route=\/wp\/v2\/pages\/98"}],"collection":[{"href":"https:\/\/c2-educcanin.fr\/index.php?rest_route=\/wp\/v2\/pages"}],"about":[{"href":"https:\/\/c2-educcanin.fr\/index.php?rest_route=\/wp\/v2\/types\/page"}],"author":[{"embeddable":true,"href":"https:\/\/c2-educcanin.fr\/index.php?rest_route=\/wp\/v2\/users\/1"}],"replies":[{"embeddable":true,"href":"https:\/\/c2-educcanin.fr\/index.php?rest_route=%2Fwp%2Fv2%2Fcomments&post=98"}],"version-history":[{"count":2,"href":"https:\/\/c2-educcanin.fr\/index.php?rest_route=\/wp\/v2\/pages\/98\/revisions"}],"predecessor-version":[{"id":221,"href":"https:\/\/c2-educcanin.fr\/index.php?rest_route=\/wp\/v2\/pages\/98\/revisions\/221"}],"wp:attachment":[{"href":"https:\/\/c2-educcanin.fr\/index.php?rest_route=%2Fwp%2Fv2%2Fmedia&parent=98"}],"curies":[{"name":"wp","href":"https:\/\/api.w.org\/{rel}","templated":true}]}}