{"id":637,"date":"2021-02-02T18:33:54","date_gmt":"2021-02-02T17:33:54","guid":{"rendered":"http:\/\/c2-educcanin.fr\/?page_id=637"},"modified":"2021-02-22T11:06:49","modified_gmt":"2021-02-22T10:06:49","slug":"autres-services","status":"publish","type":"page","link":"https:\/\/c2-educcanin.fr\/?page_id=637","title":{"rendered":"Autres services"},"content":{"rendered":"\t\t<div data-elementor-type=\"wp-page\" data-elementor-id=\"637\" class=\"elementor elementor-637\" data-elementor-settings=\"[]\">\n\t\t\t\t\t\t<div class=\"elementor-inner\">\n\t\t\t\t\t\t\t<div class=\"elementor-section-wrap\">\n\t\t\t\t\t\t\t<section class=\"elementor-section elementor-top-section elementor-element elementor-element-3692abaf elementor-section-boxed elementor-section-height-default elementor-section-height-default\" data-id=\"3692abaf\" data-element_type=\"section\">\n\t\t\t\t\t\t<div class=\"elementor-container elementor-column-gap-default\">\n\t\t\t\t\t\t\t<div class=\"elementor-row\">\n\t\t\t\t\t<div class=\"elementor-column elementor-col-100 elementor-top-column elementor-element elementor-element-46ad879d\" data-id=\"46ad879d\" data-element_type=\"column\">\n\t\t\t<div class=\"elementor-column-wrap elementor-element-populated\">\n\t\t\t\t\t\t\t<div class=\"elementor-widget-wrap\">\n\t\t\t\t\t\t<div class=\"elementor-element elementor-element-31ae5ea3 elementor-widget elementor-widget-text-editor\" data-id=\"31ae5ea3\" data-element_type=\"widget\" data-widget_type=\"text-editor.default\">\n\t\t\t\t<div class=\"elementor-widget-container\">\n\t\t\t\t\t<div class=\"elementor-text-editor elementor-clearfix\"><!-- wp:themeisle-blocks\/advanced-columns {\"id\":\"wp-block-themeisle-blocks-advanced-columns-8c242fe8\"} -->\n<div class=\"wp-block-themeisle-blocks-advanced-columns has-undefined-columns has-desktop-undefined-layout has-tablet-equal-layout has-mobile-equal-layout has-default-gap has-vertical-unset\" id=\"wp-block-themeisle-blocks-advanced-columns-8c242fe8\"><div class=\"wp-block-themeisle-blocks-advanced-columns-overlay\"><\/div><div class=\"innerblocks-wrap\"><\/div><\/div>\n<!-- \/wp:themeisle-blocks\/advanced-columns --><\/div>\n\t\t\t\t<\/div>\n\t\t\t\t<\/div>\n\t\t\t\t\t\t<\/div>\n\t\t\t\t\t<\/div>\n\t\t<\/div>\n\t\t\t\t\t\t\t\t<\/div>\n\t\t\t\t\t<\/div>\n\t\t<\/section>\n\t\t\t\t<section class=\"elementor-section elementor-top-section elementor-element elementor-element-4d1ae72f elementor-section-content-middle elementor-section-boxed elementor-section-height-default elementor-section-height-default\" data-id=\"4d1ae72f\" data-element_type=\"section\">\n\t\t\t\t\t\t<div class=\"elementor-container elementor-column-gap-no\">\n\t\t\t\t\t\t\t<div class=\"elementor-row\">\n\t\t\t\t\t<div class=\"elementor-column elementor-col-33 elementor-top-column elementor-element elementor-element-5d5c9113\" data-id=\"5d5c9113\" data-element_type=\"column\">\n\t\t\t<div class=\"elementor-column-wrap elementor-element-populated\">\n\t\t\t\t\t\t\t<div class=\"elementor-widget-wrap\">\n\t\t\t\t\t\t<div class=\"elementor-element elementor-element-491a1262 elementor-widget elementor-widget-text-editor\" data-id=\"491a1262\" data-element_type=\"widget\" data-widget_type=\"text-editor.default\">\n\t\t\t\t<div class=\"elementor-widget-container\">\n\t\t\t\t\t<div class=\"elementor-text-editor elementor-clearfix\"><h6>Agility &amp; cavage<\/h6><\/div>\n\t\t\t\t<\/div>\n\t\t\t\t<\/div>\n\t\t\t\t<div class=\"elementor-element elementor-element-5ed5129a elementor-widget elementor-widget-heading\" data-id=\"5ed5129a\" data-element_type=\"widget\" data-widget_type=\"heading.default\">\n\t\t\t\t<div class=\"elementor-widget-container\">\n\t\t\t<span class=\"elementor-heading-title elementor-size-default\">Initiations<\/span>\t\t<\/div>\n\t\t\t\t<\/div>\n\t\t\t\t<div class=\"elementor-element elementor-element-73c66789 elementor-widget-divider--view-line elementor-widget elementor-widget-divider\" data-id=\"73c66789\" data-element_type=\"widget\" data-widget_type=\"divider.default\">\n\t\t\t\t<div class=\"elementor-widget-container\">\n\t\t\t\t\t<div class=\"elementor-divider\">\n\t\t\t<span class=\"elementor-divider-separator\">\n\t\t\t\t\t\t<\/span>\n\t\t<\/div>\n\t\t\t\t<\/div>\n\t\t\t\t<\/div>\n\t\t\t\t\t\t<\/div>\n\t\t\t\t\t<\/div>\n\t\t<\/div>\n\t\t\t\t<div class=\"elementor-column elementor-col-33 elementor-top-column elementor-element elementor-element-30ef0bc0\" data-id=\"30ef0bc0\" data-element_type=\"column\">\n\t\t\t<div class=\"elementor-column-wrap elementor-element-populated\">\n\t\t\t\t\t\t\t<div class=\"elementor-widget-wrap\">\n\t\t\t\t\t\t<div class=\"elementor-element elementor-element-b184172 elementor-widget elementor-widget-image\" data-id=\"b184172\" data-element_type=\"widget\" data-widget_type=\"image.default\">\n\t\t\t\t<div class=\"elementor-widget-container\">\n\t\t\t\t\t<div class=\"elementor-image\">\n\t\t\t\t\t\t\t\t\t\t<img width=\"1824\" height=\"1522\" src=\"https:\/\/c2-educcanin.fr\/wp-content\/uploads\/2021\/02\/agility.jpg\" class=\"elementor-animation-grow attachment-full size-full\" alt=\"\" loading=\"lazy\" srcset=\"https:\/\/c2-educcanin.fr\/wp-content\/uploads\/2021\/02\/agility.jpg 1824w, https:\/\/c2-educcanin.fr\/wp-content\/uploads\/2021\/02\/agility-300x250.jpg 300w, https:\/\/c2-educcanin.fr\/wp-content\/uploads\/2021\/02\/agility-1024x854.jpg 1024w, https:\/\/c2-educcanin.fr\/wp-content\/uploads\/2021\/02\/agility-768x641.jpg 768w, https:\/\/c2-educcanin.fr\/wp-content\/uploads\/2021\/02\/agility-1536x1282.jpg 1536w\" sizes=\"(max-width: 1824px) 100vw, 1824px\" \/>\t\t\t\t\t\t\t\t\t\t\t<\/div>\n\t\t\t\t<\/div>\n\t\t\t\t<\/div>\n\t\t\t\t<div class=\"elementor-element elementor-element-21eaab09 elementor-widget elementor-widget-text-editor\" data-id=\"21eaab09\" data-element_type=\"widget\" data-widget_type=\"text-editor.default\">\n\t\t\t\t<div class=\"elementor-widget-container\">\n\t\t\t\t\t<div class=\"elementor-text-editor elementor-clearfix\"><h6><strong>L&#8217;agility<\/strong> est une discipline sportive qui consiste \u00e0 un encha\u00eenement d&#8217;obstacles par le chien guid\u00e9 par son ma\u00eetre, le plus rapidement possible, sans faire de fautes. Le parcours est compos\u00e9 de plusieurs agr\u00e8s : les sauts, le slalom, le tunnel, le &#8220;A&#8221;, le pneu, la passerelle, la chaussette, la bascule et le saut en longueur. L&#8217;agility peut \u00eatre pratiqu\u00e9 par tous, m\u00eame les plus jeunes, et permet de renforcer un lien entre le ma\u00eetre et le chien tout en se divertissant.<\/h6>\n<h6>Nous verrons ensemble les sauts, l&#8217; apprentissage du slalom et du tunnel tout en essayant d&#8217;enchainer ses agr\u00e8s dans un mini parcours.<\/h6><\/div>\n\t\t\t\t<\/div>\n\t\t\t\t<\/div>\n\t\t\t\t<div class=\"elementor-element elementor-element-1e6486f elementor-widget elementor-widget-text-editor\" data-id=\"1e6486f\" data-element_type=\"widget\" data-widget_type=\"text-editor.default\">\n\t\t\t\t<div class=\"elementor-widget-container\">\n\t\t\t\t\t<div class=\"elementor-text-editor elementor-clearfix\"><h6><strong>L&#8217;agility ne sera pratiqu\u00e9 qu&#8217;\u00e0 <span style=\"text-decoration: underline;\">votre domicile<\/span> pour des raisons de s\u00e9curit\u00e9\u00a0 et j&#8217;apporterai le mat\u00e9riel n\u00e9cessaire.<\/strong><\/h6>\n<h6><strong>\/!\\ Attention \/!\\ Ne pas faire sauter votre chiot <span style=\"text-decoration: underline;\">avant 12 mois.<\/span><\/strong> (<em>L&#8217;apprentissage des sauts se font barre au sol.<\/em>)<\/h6><\/div>\n\t\t\t\t<\/div>\n\t\t\t\t<\/div>\n\t\t\t\t\t\t<\/div>\n\t\t\t\t\t<\/div>\n\t\t<\/div>\n\t\t\t\t<div class=\"elementor-column elementor-col-33 elementor-top-column elementor-element elementor-element-1f198609\" data-id=\"1f198609\" data-element_type=\"column\">\n\t\t\t<div class=\"elementor-column-wrap elementor-element-populated\">\n\t\t\t\t\t\t\t<div class=\"elementor-widget-wrap\">\n\t\t\t\t\t\t<div class=\"elementor-element elementor-element-6f68ed8c elementor-widget elementor-widget-text-editor\" data-id=\"6f68ed8c\" data-element_type=\"widget\" data-widget_type=\"text-editor.default\">\n\t\t\t\t<div class=\"elementor-widget-container\">\n\t\t\t\t\t<div class=\"elementor-text-editor elementor-clearfix\"><h6><strong>Le cavage<\/strong> consiste \u00e0 la recherche de truffes, o\u00f9 le chien va utiliser son sens le plus d\u00e9velopp\u00e9 pour trouver les truffes enfouies dans le sol. Lors de cette initiation, nous allons commencer par tester votre chien sur du &#8220;canitruf&#8221; (huile v\u00e9g\u00e9tale avec substances aromatiques identiques aux naturelles) voir s&#8217;il est r\u00e9ceptif ou non. Au fil des s\u00e9ances et de sa progression, nous passerons sur de vrais morceaux de truffes. Il existe des concours de cavage, o\u00f9 le chien doit marquer l&#8217;emplacement des truffes dans une zone d\u00e9limit\u00e9e, le plus rapidement possible, sans d\u00e9passer le temps des 8 minutes.<\/h6><\/div>\n\t\t\t\t<\/div>\n\t\t\t\t<\/div>\n\t\t\t\t<div class=\"elementor-element elementor-element-21770960 elementor-widget elementor-widget-image\" data-id=\"21770960\" data-element_type=\"widget\" data-widget_type=\"image.default\">\n\t\t\t\t<div class=\"elementor-widget-container\">\n\t\t\t\t\t<div class=\"elementor-image\">\n\t\t\t\t\t\t\t\t\t\t<img width=\"2048\" height=\"1536\" src=\"https:\/\/c2-educcanin.fr\/wp-content\/uploads\/2021\/02\/jinx-piste.jpg\" class=\"elementor-animation-grow attachment-full size-full\" alt=\"\" loading=\"lazy\" srcset=\"https:\/\/c2-educcanin.fr\/wp-content\/uploads\/2021\/02\/jinx-piste.jpg 2048w, https:\/\/c2-educcanin.fr\/wp-content\/uploads\/2021\/02\/jinx-piste-300x225.jpg 300w, https:\/\/c2-educcanin.fr\/wp-content\/uploads\/2021\/02\/jinx-piste-1024x768.jpg 1024w, https:\/\/c2-educcanin.fr\/wp-content\/uploads\/2021\/02\/jinx-piste-768x576.jpg 768w, https:\/\/c2-educcanin.fr\/wp-content\/uploads\/2021\/02\/jinx-piste-1536x1152.jpg 1536w\" sizes=\"(max-width: 2048px) 100vw, 2048px\" \/>\t\t\t\t\t\t\t\t\t\t\t<\/div>\n\t\t\t\t<\/div>\n\t\t\t\t<\/div>\n\t\t\t\t<div class=\"elementor-element elementor-element-477acce elementor-widget elementor-widget-text-editor\" data-id=\"477acce\" data-element_type=\"widget\" data-widget_type=\"text-editor.default\">\n\t\t\t\t<div class=\"elementor-widget-container\">\n\t\t\t\t\t<div class=\"elementor-text-editor elementor-clearfix\"><p><strong><span style=\"text-decoration: underline;\">Rappel<\/span> <\/strong>: <strong>Cela reste des initiations, je ne pr\u00e9pare pas les chiens pour des concours, mais je suis l\u00e0 pour vous faire d\u00e9couvrir les disciplines d&#8217;une mani\u00e8re ludique. Dans une optique de comp\u00e9tition, je vous dirigerai vers un club canin pour la pratique de ces disciplines.<\/strong><\/p><\/div>\n\t\t\t\t<\/div>\n\t\t\t\t<\/div>\n\t\t\t\t\t\t<\/div>\n\t\t\t\t\t<\/div>\n\t\t<\/div>\n\t\t\t\t\t\t\t\t<\/div>\n\t\t\t\t\t<\/div>\n\t\t<\/section>\n\t\t\t\t<section class=\"elementor-section elementor-top-section elementor-element elementor-element-1bda1716 elementor-section-content-middle elementor-section-boxed elementor-section-height-default elementor-section-height-default\" data-id=\"1bda1716\" data-element_type=\"section\">\n\t\t\t\t\t\t<div class=\"elementor-container elementor-column-gap-no\">\n\t\t\t\t\t\t\t<div class=\"elementor-row\">\n\t\t\t\t\t<div class=\"elementor-column elementor-col-50 elementor-top-column elementor-element elementor-element-680d1765\" data-id=\"680d1765\" data-element_type=\"column\">\n\t\t\t<div class=\"elementor-column-wrap elementor-element-populated\">\n\t\t\t\t\t\t\t<div class=\"elementor-widget-wrap\">\n\t\t\t\t\t\t<div class=\"elementor-element elementor-element-56627db6 elementor-widget elementor-widget-image\" data-id=\"56627db6\" data-element_type=\"widget\" data-widget_type=\"image.default\">\n\t\t\t\t<div class=\"elementor-widget-container\">\n\t\t\t\t\t<div class=\"elementor-image\">\n\t\t\t\t\t\t\t\t\t\t<img width=\"960\" height=\"540\" src=\"https:\/\/c2-educcanin.fr\/wp-content\/uploads\/2021\/02\/iron-loire.jpg\" class=\"attachment-full size-full\" alt=\"\" loading=\"lazy\" srcset=\"https:\/\/c2-educcanin.fr\/wp-content\/uploads\/2021\/02\/iron-loire.jpg 960w, https:\/\/c2-educcanin.fr\/wp-content\/uploads\/2021\/02\/iron-loire-300x169.jpg 300w, https:\/\/c2-educcanin.fr\/wp-content\/uploads\/2021\/02\/iron-loire-768x432.jpg 768w\" sizes=\"(max-width: 960px) 100vw, 960px\" \/>\t\t\t\t\t\t\t\t\t\t\t<\/div>\n\t\t\t\t<\/div>\n\t\t\t\t<\/div>\n\t\t\t\t<div class=\"elementor-element elementor-element-b8cef74 elementor-widget elementor-widget-text-editor\" data-id=\"b8cef74\" data-element_type=\"widget\" data-widget_type=\"text-editor.default\">\n\t\t\t\t<div class=\"elementor-widget-container\">\n\t\t\t\t\t<div class=\"elementor-text-editor elementor-clearfix\"><p><strong>Chiots \u00e0 partir de 3 mois avec le rappel des vaccins effectu\u00e9s.<\/strong><\/p>\n<p>\/!\\<strong> Pour les chiots de 3 \u00e0 5 mois, les promenades seront adapt\u00e9es \u00e0 leur \u00e2ge \/!\\ <\/strong><em>(15 \u00e0 30 min)\u00a0<\/em><\/p>\n<p><strong>Pour les chiens adultes, la promenade dure environ 30 min.<\/strong>\u00a0<\/p>\n<p><em>(Possibilit\u00e9 d&#8217;augmenter la dur\u00e9e, \u00e0 voir ensemble)<\/em><\/p><\/div>\n\t\t\t\t<\/div>\n\t\t\t\t<\/div>\n\t\t\t\t\t\t<\/div>\n\t\t\t\t\t<\/div>\n\t\t<\/div>\n\t\t\t\t<div class=\"elementor-column elementor-col-50 elementor-top-column elementor-element elementor-element-4f5551ed\" data-id=\"4f5551ed\" data-element_type=\"column\">\n\t\t\t<div class=\"elementor-column-wrap elementor-element-populated\">\n\t\t\t\t\t\t\t<div class=\"elementor-widget-wrap\">\n\t\t\t\t\t\t<div class=\"elementor-element elementor-element-7b616e91 elementor-widget elementor-widget-heading\" data-id=\"7b616e91\" data-element_type=\"widget\" data-widget_type=\"heading.default\">\n\t\t\t\t<div class=\"elementor-widget-container\">\n\t\t\t<span class=\"elementor-heading-title elementor-size-default\">Promenade individuelle<\/span>\t\t<\/div>\n\t\t\t\t<\/div>\n\t\t\t\t<div class=\"elementor-element elementor-element-dee748b elementor-widget elementor-widget-text-editor\" data-id=\"dee748b\" data-element_type=\"widget\" data-widget_type=\"text-editor.default\">\n\t\t\t\t<div class=\"elementor-widget-container\">\n\t\t\t\t\t<div class=\"elementor-text-editor elementor-clearfix\"><h6>Promener votre chien devient compliqu\u00e9 avec votre emploi du temps? Un accident de la vie est survenu, vous ne pouvez plus vous d\u00e9placer pour sortir votre compagnon?\u00a0<\/h6>\n<h6>Je suis \u00e0 votre disposition pour sortir votre chien afin qu&#8217;il puisse se d\u00e9penser physiquement et que vos absences ne lui paraissent pas trop longues.<\/h6>\n<h6>\u00c9valuation comportementale obligatoire pour faire connaissance avec votre chien et d\u00e9finir ensemble vos besoins.<\/h6><\/div>\n\t\t\t\t<\/div>\n\t\t\t\t<\/div>\n\t\t\t\t\t\t<\/div>\n\t\t\t\t\t<\/div>\n\t\t<\/div>\n\t\t\t\t\t\t\t\t<\/div>\n\t\t\t\t\t<\/div>\n\t\t<\/section>\n\t\t\t\t\t\t<\/div>\n\t\t\t\t\t\t<\/div>\n\t\t\t\t\t<\/div>\n\t\t","protected":false},"excerpt":{"rendered":"<p>Agility &amp; cavage<br \/>\n\t\t\tInitiations\t\t<\/p>\n<p>\t\tL&#8217;agility est une discipline sportive qui consiste \u00e0 un encha\u00eenement d&#8217;obstacles par le chien guid\u00e9 par son ma\u00eetre, le plus rapidement possible, sans faire de fautes. Le parcours &#8230;<\/p>\n","protected":false},"author":1,"featured_media":0,"parent":0,"menu_order":0,"comment_status":"closed","ping_status":"closed","template":"","meta":[],"_links":{"self":[{"href":"https:\/\/c2-educcanin.fr\/index.php?rest_route=\/wp\/v2\/pages\/637"}],"collection":[{"href":"https:\/\/c2-educcanin.fr\/index.php?rest_route=\/wp\/v2\/pages"}],"about":[{"href":"https:\/\/c2-educcanin.fr\/index.php?rest_route=\/wp\/v2\/types\/page"}],"author":[{"embeddable":true,"href":"https:\/\/c2-educcanin.fr\/index.php?rest_route=\/wp\/v2\/users\/1"}],"replies":[{"embeddable":true,"href":"https:\/\/c2-educcanin.fr\/index.php?rest_route=%2Fwp%2Fv2%2Fcomments&post=637"}],"version-history":[{"count":39,"href":"https:\/\/c2-educcanin.fr\/index.php?rest_route=\/wp\/v2\/pages\/637\/revisions"}],"predecessor-version":[{"id":1007,"href":"https:\/\/c2-educcanin.fr\/index.php?rest_route=\/wp\/v2\/pages\/637\/revisions\/1007"}],"wp:attachment":[{"href":"https:\/\/c2-educcanin.fr\/index.php?rest_route=%2Fwp%2Fv2%2Fmedia&parent=637"}],"curies":[{"name":"wp","href":"https:\/\/api.w.org\/{rel}","templated":true}]}}