{"id":599,"date":"2021-02-02T11:53:55","date_gmt":"2021-02-02T10:53:55","guid":{"rendered":"http:\/\/c2-educcanin.fr\/?page_id=599"},"modified":"2021-02-18T14:01:53","modified_gmt":"2021-02-18T13:01:53","slug":"balade-educative","status":"publish","type":"page","link":"https:\/\/c2-educcanin.fr\/?page_id=599","title":{"rendered":"Balade \u00e9ducative"},"content":{"rendered":"\t\t<div data-elementor-type=\"wp-page\" data-elementor-id=\"599\" class=\"elementor elementor-599\" data-elementor-settings=\"[]\">\n\t\t\t\t\t\t<div class=\"elementor-inner\">\n\t\t\t\t\t\t\t<div class=\"elementor-section-wrap\">\n\t\t\t\t\t\t\t<section class=\"elementor-section elementor-top-section elementor-element elementor-element-2be79db3 elementor-section-content-middle elementor-section-boxed elementor-section-height-default elementor-section-height-default\" data-id=\"2be79db3\" data-element_type=\"section\">\n\t\t\t\t\t\t<div class=\"elementor-container elementor-column-gap-no\">\n\t\t\t\t\t\t\t<div class=\"elementor-row\">\n\t\t\t\t\t<div class=\"elementor-column elementor-col-33 elementor-top-column elementor-element elementor-element-37ad9044\" data-id=\"37ad9044\" data-element_type=\"column\">\n\t\t\t<div class=\"elementor-column-wrap elementor-element-populated\">\n\t\t\t\t\t\t\t<div class=\"elementor-widget-wrap\">\n\t\t\t\t\t\t<div class=\"elementor-element elementor-element-64a4c883 elementor-widget elementor-widget-text-editor\" data-id=\"64a4c883\" data-element_type=\"widget\" data-widget_type=\"text-editor.default\">\n\t\t\t\t<div class=\"elementor-widget-container\">\n\t\t\t\t\t<div class=\"elementor-text-editor elementor-clearfix\"><\/div>\n\t\t\t\t<\/div>\n\t\t\t\t<\/div>\n\t\t\t\t<div class=\"elementor-element elementor-element-59cfa8ae elementor-widget elementor-widget-heading\" data-id=\"59cfa8ae\" data-element_type=\"widget\" data-widget_type=\"heading.default\">\n\t\t\t\t<div class=\"elementor-widget-container\">\n\t\t\t<span class=\"elementor-heading-title elementor-size-default\">Balade \u00e9ducative<\/span>\t\t<\/div>\n\t\t\t\t<\/div>\n\t\t\t\t<div class=\"elementor-element elementor-element-9fc1c3b elementor-widget elementor-widget-text-editor\" data-id=\"9fc1c3b\" data-element_type=\"widget\" data-widget_type=\"text-editor.default\">\n\t\t\t\t<div class=\"elementor-widget-container\">\n\t\t\t\t\t<div class=\"elementor-text-editor elementor-clearfix\"><h6><em>Collective (max 6 chiens)<\/em><\/h6><h6><em>Dur\u00e9e environ 1h<\/em><\/h6><\/div>\n\t\t\t\t<\/div>\n\t\t\t\t<\/div>\n\t\t\t\t<div class=\"elementor-element elementor-element-552baebe elementor-widget elementor-widget-image\" data-id=\"552baebe\" data-element_type=\"widget\" data-widget_type=\"image.default\">\n\t\t\t\t<div class=\"elementor-widget-container\">\n\t\t\t\t\t<div class=\"elementor-image\">\n\t\t\t\t\t\t\t\t\t\t<img width=\"900\" height=\"675\" src=\"https:\/\/c2-educcanin.fr\/wp-content\/uploads\/2021\/02\/balade-iron-1024x768.jpg\" class=\"elementor-animation-grow attachment-large size-large\" alt=\"\" loading=\"lazy\" srcset=\"https:\/\/c2-educcanin.fr\/wp-content\/uploads\/2021\/02\/balade-iron-1024x768.jpg 1024w, https:\/\/c2-educcanin.fr\/wp-content\/uploads\/2021\/02\/balade-iron-300x225.jpg 300w, https:\/\/c2-educcanin.fr\/wp-content\/uploads\/2021\/02\/balade-iron-768x576.jpg 768w, https:\/\/c2-educcanin.fr\/wp-content\/uploads\/2021\/02\/balade-iron-1536x1152.jpg 1536w, https:\/\/c2-educcanin.fr\/wp-content\/uploads\/2021\/02\/balade-iron.jpg 2048w\" sizes=\"(max-width: 900px) 100vw, 900px\" \/>\t\t\t\t\t\t\t\t\t\t\t<\/div>\n\t\t\t\t<\/div>\n\t\t\t\t<\/div>\n\t\t\t\t\t\t<\/div>\n\t\t\t\t\t<\/div>\n\t\t<\/div>\n\t\t\t\t<div class=\"elementor-column elementor-col-33 elementor-top-column elementor-element elementor-element-78e45d0\" data-id=\"78e45d0\" data-element_type=\"column\">\n\t\t\t<div class=\"elementor-column-wrap elementor-element-populated\">\n\t\t\t\t\t\t\t<div class=\"elementor-widget-wrap\">\n\t\t\t\t\t\t<div class=\"elementor-element elementor-element-3783ad3f elementor-widget elementor-widget-image\" data-id=\"3783ad3f\" data-element_type=\"widget\" data-widget_type=\"image.default\">\n\t\t\t\t<div class=\"elementor-widget-container\">\n\t\t\t\t\t<div class=\"elementor-image\">\n\t\t\t\t\t\t\t\t\t\t<img width=\"540\" height=\"430\" src=\"https:\/\/c2-educcanin.fr\/wp-content\/uploads\/2021\/02\/jinxassis-540x430.jpg\" class=\"elementor-animation-grow attachment-astral-about-thumb size-astral-about-thumb\" alt=\"\" loading=\"lazy\" \/>\t\t\t\t\t\t\t\t\t\t\t<\/div>\n\t\t\t\t<\/div>\n\t\t\t\t<\/div>\n\t\t\t\t<div class=\"elementor-element elementor-element-1b0fe20d elementor-widget elementor-widget-text-editor\" data-id=\"1b0fe20d\" data-element_type=\"widget\" data-widget_type=\"text-editor.default\">\n\t\t\t\t<div class=\"elementor-widget-container\">\n\t\t\t\t\t<div class=\"elementor-text-editor elementor-clearfix\"><h6>Balade organis\u00e9e dans divers endroits (ville, parc, for\u00eat..) avec d&#8217;autres chiens.\u00a0<br \/>Nous verrons, lors de cette balade, les diff\u00e9rents exercices d&#8217;\u00e9ducation, tout en se promenant et tout en ayant diverses distractions. Votre chien apprendra \u00e9galement \u00e0 \u00eatre sociable face \u00e0 d&#8217;autres cong\u00e9n\u00e8res et respecter les ordres dans un environnement peu commun.<\/h6><\/div>\n\t\t\t\t<\/div>\n\t\t\t\t<\/div>\n\t\t\t\t\t\t<\/div>\n\t\t\t\t\t<\/div>\n\t\t<\/div>\n\t\t\t\t<div class=\"elementor-column elementor-col-33 elementor-top-column elementor-element elementor-element-4b2936f4\" data-id=\"4b2936f4\" data-element_type=\"column\">\n\t\t\t<div class=\"elementor-column-wrap elementor-element-populated\">\n\t\t\t\t\t\t\t<div class=\"elementor-widget-wrap\">\n\t\t\t\t\t\t<div class=\"elementor-element elementor-element-cc6574f elementor-widget elementor-widget-image\" data-id=\"cc6574f\" data-element_type=\"widget\" data-widget_type=\"image.default\">\n\t\t\t\t<div class=\"elementor-widget-container\">\n\t\t\t\t\t<div class=\"elementor-image\">\n\t\t\t\t\t\t\t\t\t\t<img width=\"540\" height=\"430\" src=\"https:\/\/c2-educcanin.fr\/wp-content\/uploads\/2021\/02\/ironcopine-540x430.jpg\" class=\"elementor-animation-grow attachment-astral-about-thumb size-astral-about-thumb\" alt=\"\" loading=\"lazy\" \/>\t\t\t\t\t\t\t\t\t\t\t<\/div>\n\t\t\t\t<\/div>\n\t\t\t\t<\/div>\n\t\t\t\t<div class=\"elementor-element elementor-element-9fc9c5b elementor-widget elementor-widget-text-editor\" data-id=\"9fc9c5b\" data-element_type=\"widget\" data-widget_type=\"text-editor.default\">\n\t\t\t\t<div class=\"elementor-widget-container\">\n\t\t\t\t\t<div class=\"elementor-text-editor elementor-clearfix\"><h6>Cette balade sera signe de convivialit\u00e9 et de rencontre autour du chien.<\/h6><h6><strong>Les balades auront lieu 1 \u00e0 2 fois par mois<\/strong> (samedi matin), dans un premier temps selon la demande. <em>Des \u00e9v\u00e8nements Facebook seront en ligne.<\/em><\/h6><\/div>\n\t\t\t\t<\/div>\n\t\t\t\t<\/div>\n\t\t\t\t\t\t<\/div>\n\t\t\t\t\t<\/div>\n\t\t<\/div>\n\t\t\t\t\t\t\t\t<\/div>\n\t\t\t\t\t<\/div>\n\t\t<\/section>\n\t\t\t\t<section class=\"elementor-section elementor-top-section elementor-element elementor-element-cec0c2d elementor-section-boxed elementor-section-height-default elementor-section-height-default\" data-id=\"cec0c2d\" data-element_type=\"section\">\n\t\t\t\t\t\t<div class=\"elementor-container elementor-column-gap-default\">\n\t\t\t\t\t\t\t<div class=\"elementor-row\">\n\t\t\t\t\t<div class=\"elementor-column elementor-col-100 elementor-top-column elementor-element elementor-element-d93cd95\" data-id=\"d93cd95\" data-element_type=\"column\">\n\t\t\t<div class=\"elementor-column-wrap elementor-element-populated\">\n\t\t\t\t\t\t\t<div class=\"elementor-widget-wrap\">\n\t\t\t\t\t\t<div class=\"elementor-element elementor-element-f6d2d2b elementor-widget elementor-widget-heading\" data-id=\"f6d2d2b\" data-element_type=\"widget\" data-widget_type=\"heading.default\">\n\t\t\t\t<div class=\"elementor-widget-container\">\n\t\t\t<h3 class=\"elementor-heading-title elementor-size-default\">Conditions requises<\/h3>\t\t<\/div>\n\t\t\t\t<\/div>\n\t\t\t\t<div class=\"elementor-element elementor-element-517ff0d elementor-widget elementor-widget-text-editor\" data-id=\"517ff0d\" data-element_type=\"widget\" data-widget_type=\"text-editor.default\">\n\t\t\t\t<div class=\"elementor-widget-container\">\n\t\t\t\t\t<div class=\"elementor-text-editor elementor-clearfix\"><h6>Les balades \u00e9ducatives sont ouvertes \u00e0 toutes les races.\u00a0<\/h6><ul><li><h6><strong>Ne sont pas autoris\u00e9s<\/strong> : Chiennes en chaleur, chiens agressifs, et chiens malades ou bless\u00e9s.<\/h6><\/li><li><h6>Les chiens devront \u00eatre \u00e0 jour de leur vaccins et vermifug\u00e9s.<\/h6><\/li><li><h6>Chiots \u00e0 partir de <strong>6\u00a0mois<\/strong><\/h6><\/li><li><h6>Les chiens de 1\u00e8re et 2\u00e8me cat\u00e9gories devront \u00eatre\u00a0 museler et les propri\u00e9taires devront \u00eatre en r\u00e8gle vis \u00e0 vis de la loi.<\/h6><\/li><li><h6>Les chiens devront avoir <strong>un collier plat<\/strong> avec une laisse de 1m20 minimum (<em>pour la ville<\/em>) ou\u00a0 une longe. Harnais autoris\u00e9 en compl\u00e9ment.<\/h6><\/li><li><h6>Pas de collier \u00e9lectrique ni de collier \u00e0 pointes dit &#8220;Torquatus&#8221;<\/h6><\/li><li><h6>Pas de laisse lasso ni de laisse flexible (<em>enrouleur<\/em>)<\/h6><\/li><li><h6>N&#8217;oubliez pas d&#8217;apporter une gamelle et de l&#8217;eau en cas de chaleur et <strong>munissez-vous de vos sacs \u00e0 crottes<\/strong> (<em>veillons \u00e0 la propret\u00e9 des lieux publics<\/em>).\u00a0<\/h6><\/li><li><h6>Respect des consignes sanitaires (<em>Port du masque obligatoire<\/em>)<\/h6><\/li><\/ul><\/div>\n\t\t\t\t<\/div>\n\t\t\t\t<\/div>\n\t\t\t\t\t\t<\/div>\n\t\t\t\t\t<\/div>\n\t\t<\/div>\n\t\t\t\t\t\t\t\t<\/div>\n\t\t\t\t\t<\/div>\n\t\t<\/section>\n\t\t\t\t<section class=\"elementor-section elementor-top-section elementor-element elementor-element-6fbb6827 elementor-section-content-middle elementor-section-boxed elementor-section-height-default elementor-section-height-default\" data-id=\"6fbb6827\" data-element_type=\"section\" data-settings=\"{&quot;background_background&quot;:&quot;classic&quot;}\">\n\t\t\t\t\t\t<div class=\"elementor-container elementor-column-gap-no\">\n\t\t\t\t\t\t\t<div class=\"elementor-row\">\n\t\t\t\t\t<div class=\"elementor-column elementor-col-100 elementor-top-column elementor-element elementor-element-63e98f7e\" data-id=\"63e98f7e\" data-element_type=\"column\">\n\t\t\t<div class=\"elementor-column-wrap elementor-element-populated\">\n\t\t\t\t\t\t\t<div class=\"elementor-widget-wrap\">\n\t\t\t\t\t\t<div class=\"elementor-element elementor-element-36b87058 elementor-widget elementor-widget-heading\" data-id=\"36b87058\" data-element_type=\"widget\" data-widget_type=\"heading.default\">\n\t\t\t\t<div class=\"elementor-widget-container\">\n\t\t\t<span class=\"elementor-heading-title elementor-size-default\">Envie d'une balade?<\/span>\t\t<\/div>\n\t\t\t\t<\/div>\n\t\t\t\t<div class=\"elementor-element elementor-element-671a3f35 elementor-align-center elementor-widget elementor-widget-button\" data-id=\"671a3f35\" data-element_type=\"widget\" data-widget_type=\"button.default\">\n\t\t\t\t<div class=\"elementor-widget-container\">\n\t\t\t\t\t<div class=\"elementor-button-wrapper\">\n\t\t\t<a href=\"http:\/\/c2-educcanin.fr\/?page_id=99\" class=\"elementor-button-link elementor-button elementor-size-sm elementor-animation-grow-rotate\" role=\"button\">\n\t\t\t\t\t\t<span class=\"elementor-button-content-wrapper\">\n\t\t\t\t\t\t<span class=\"elementor-button-text\">Inscrivez-vous<\/span>\n\t\t<\/span>\n\t\t\t\t\t<\/a>\n\t\t<\/div>\n\t\t\t\t<\/div>\n\t\t\t\t<\/div>\n\t\t\t\t\t\t<\/div>\n\t\t\t\t\t<\/div>\n\t\t<\/div>\n\t\t\t\t\t\t\t\t<\/div>\n\t\t\t\t\t<\/div>\n\t\t<\/section>\n\t\t\t\t\t\t<\/div>\n\t\t\t\t\t\t<\/div>\n\t\t\t\t\t<\/div>\n\t\t","protected":false},"excerpt":{"rendered":"<p>Balade \u00e9ducative<br \/>\nCollective (max 6 chiens)<br \/>\nDur\u00e9e environ 1h<\/p>\n<p>Balade organis\u00e9e dans divers endroits (ville, parc, for\u00eat..) avec d&#8217;autres chiens.\u00a0Nous verrons, lors de cette balade, les diff\u00e9rents exercices d&#8217;\u00e9ducation, tout en se promenant &#8230;<\/p>\n","protected":false},"author":1,"featured_media":0,"parent":0,"menu_order":0,"comment_status":"closed","ping_status":"closed","template":"","meta":[],"_links":{"self":[{"href":"https:\/\/c2-educcanin.fr\/index.php?rest_route=\/wp\/v2\/pages\/599"}],"collection":[{"href":"https:\/\/c2-educcanin.fr\/index.php?rest_route=\/wp\/v2\/pages"}],"about":[{"href":"https:\/\/c2-educcanin.fr\/index.php?rest_route=\/wp\/v2\/types\/page"}],"author":[{"embeddable":true,"href":"https:\/\/c2-educcanin.fr\/index.php?rest_route=\/wp\/v2\/users\/1"}],"replies":[{"embeddable":true,"href":"https:\/\/c2-educcanin.fr\/index.php?rest_route=%2Fwp%2Fv2%2Fcomments&post=599"}],"version-history":[{"count":43,"href":"https:\/\/c2-educcanin.fr\/index.php?rest_route=\/wp\/v2\/pages\/599\/revisions"}],"predecessor-version":[{"id":953,"href":"https:\/\/c2-educcanin.fr\/index.php?rest_route=\/wp\/v2\/pages\/599\/revisions\/953"}],"wp:attachment":[{"href":"https:\/\/c2-educcanin.fr\/index.php?rest_route=%2Fwp%2Fv2%2Fmedia&parent=599"}],"curies":[{"name":"wp","href":"https:\/\/api.w.org\/{rel}","templated":true}]}}