{"id":564,"date":"2021-02-01T12:25:34","date_gmt":"2021-02-01T11:25:34","guid":{"rendered":"http:\/\/c2-educcanin.fr\/?page_id=564"},"modified":"2021-02-22T10:53:53","modified_gmt":"2021-02-22T09:53:53","slug":"obeissance","status":"publish","type":"page","link":"https:\/\/c2-educcanin.fr\/?page_id=564","title":{"rendered":"Ob\u00e9issance"},"content":{"rendered":"\t\t<div data-elementor-type=\"wp-page\" data-elementor-id=\"564\" class=\"elementor elementor-564\" data-elementor-settings=\"[]\">\n\t\t\t\t\t\t<div class=\"elementor-inner\">\n\t\t\t\t\t\t\t<div class=\"elementor-section-wrap\">\n\t\t\t\t\t\t\t<section class=\"elementor-section elementor-top-section elementor-element elementor-element-26d6f3fd elementor-section-boxed elementor-section-height-default elementor-section-height-default\" data-id=\"26d6f3fd\" data-element_type=\"section\">\n\t\t\t\t\t\t<div class=\"elementor-container elementor-column-gap-default\">\n\t\t\t\t\t\t\t<div class=\"elementor-row\">\n\t\t\t\t\t<div class=\"elementor-column elementor-col-100 elementor-top-column elementor-element elementor-element-652c4ef4\" data-id=\"652c4ef4\" data-element_type=\"column\">\n\t\t\t<div class=\"elementor-column-wrap elementor-element-populated\">\n\t\t\t\t\t\t\t<div class=\"elementor-widget-wrap\">\n\t\t\t\t\t\t<div class=\"elementor-element elementor-element-22a2464a elementor-widget elementor-widget-text-editor\" data-id=\"22a2464a\" data-element_type=\"widget\" data-widget_type=\"text-editor.default\">\n\t\t\t\t<div class=\"elementor-widget-container\">\n\t\t\t\t\t<div class=\"elementor-text-editor elementor-clearfix\"><!-- wp:themeisle-blocks\/advanced-columns {\"id\":\"wp-block-themeisle-blocks-advanced-columns-950234ca\"} -->\n<div class=\"wp-block-themeisle-blocks-advanced-columns has-undefined-columns has-desktop-undefined-layout has-tablet-equal-layout has-mobile-equal-layout has-default-gap has-vertical-unset\" id=\"wp-block-themeisle-blocks-advanced-columns-950234ca\"><div class=\"wp-block-themeisle-blocks-advanced-columns-overlay\"><\/div><div class=\"innerblocks-wrap\"><\/div><\/div>\n<!-- \/wp:themeisle-blocks\/advanced-columns --><\/div>\n\t\t\t\t<\/div>\n\t\t\t\t<\/div>\n\t\t\t\t\t\t<\/div>\n\t\t\t\t\t<\/div>\n\t\t<\/div>\n\t\t\t\t\t\t\t\t<\/div>\n\t\t\t\t\t<\/div>\n\t\t<\/section>\n\t\t\t\t<section class=\"elementor-section elementor-top-section elementor-element elementor-element-6bdae036 elementor-section-content-middle elementor-section-boxed elementor-section-height-default elementor-section-height-default\" data-id=\"6bdae036\" data-element_type=\"section\">\n\t\t\t\t\t\t<div class=\"elementor-container elementor-column-gap-no\">\n\t\t\t\t\t\t\t<div class=\"elementor-row\">\n\t\t\t\t\t<div class=\"elementor-column elementor-col-33 elementor-top-column elementor-element elementor-element-79d0ad2f\" data-id=\"79d0ad2f\" data-element_type=\"column\">\n\t\t\t<div class=\"elementor-column-wrap elementor-element-populated\">\n\t\t\t\t\t\t\t<div class=\"elementor-widget-wrap\">\n\t\t\t\t\t\t<div class=\"elementor-element elementor-element-466c95e4 elementor-widget elementor-widget-text-editor\" data-id=\"466c95e4\" data-element_type=\"widget\" data-widget_type=\"text-editor.default\">\n\t\t\t\t<div class=\"elementor-widget-container\">\n\t\t\t\t\t<div class=\"elementor-text-editor elementor-clearfix\"><h6>Perfectionnement<\/h6><\/div>\n\t\t\t\t<\/div>\n\t\t\t\t<\/div>\n\t\t\t\t<div class=\"elementor-element elementor-element-50a1c3f7 elementor-widget elementor-widget-heading\" data-id=\"50a1c3f7\" data-element_type=\"widget\" data-widget_type=\"heading.default\">\n\t\t\t\t<div class=\"elementor-widget-container\">\n\t\t\t<h3 class=\"elementor-heading-title elementor-size-default\">Ob\u00e9issance<\/h3>\t\t<\/div>\n\t\t\t\t<\/div>\n\t\t\t\t<div class=\"elementor-element elementor-element-1b689e14 elementor-widget-divider--view-line elementor-widget elementor-widget-divider\" data-id=\"1b689e14\" data-element_type=\"widget\" data-widget_type=\"divider.default\">\n\t\t\t\t<div class=\"elementor-widget-container\">\n\t\t\t\t\t<div class=\"elementor-divider\">\n\t\t\t<span class=\"elementor-divider-separator\">\n\t\t\t\t\t\t<\/span>\n\t\t<\/div>\n\t\t\t\t<\/div>\n\t\t\t\t<\/div>\n\t\t\t\t\t\t<\/div>\n\t\t\t\t\t<\/div>\n\t\t<\/div>\n\t\t\t\t<div class=\"elementor-column elementor-col-33 elementor-top-column elementor-element elementor-element-4de494ff\" data-id=\"4de494ff\" data-element_type=\"column\">\n\t\t\t<div class=\"elementor-column-wrap elementor-element-populated\">\n\t\t\t\t\t\t\t<div class=\"elementor-widget-wrap\">\n\t\t\t\t\t\t<div class=\"elementor-element elementor-element-54677e90 elementor-widget elementor-widget-image\" data-id=\"54677e90\" data-element_type=\"widget\" data-widget_type=\"image.default\">\n\t\t\t\t<div class=\"elementor-widget-container\">\n\t\t\t\t\t<div class=\"elementor-image\">\n\t\t\t\t\t\t\t\t\t\t<img width=\"1080\" height=\"1080\" src=\"https:\/\/c2-educcanin.fr\/wp-content\/uploads\/2021\/01\/iron-apportable.jpg\" class=\"elementor-animation-grow attachment-full size-full\" alt=\"\" loading=\"lazy\" srcset=\"https:\/\/c2-educcanin.fr\/wp-content\/uploads\/2021\/01\/iron-apportable.jpg 1080w, https:\/\/c2-educcanin.fr\/wp-content\/uploads\/2021\/01\/iron-apportable-300x300.jpg 300w, https:\/\/c2-educcanin.fr\/wp-content\/uploads\/2021\/01\/iron-apportable-1024x1024.jpg 1024w, https:\/\/c2-educcanin.fr\/wp-content\/uploads\/2021\/01\/iron-apportable-150x150.jpg 150w, https:\/\/c2-educcanin.fr\/wp-content\/uploads\/2021\/01\/iron-apportable-768x768.jpg 768w\" sizes=\"(max-width: 1080px) 100vw, 1080px\" \/>\t\t\t\t\t\t\t\t\t\t\t<\/div>\n\t\t\t\t<\/div>\n\t\t\t\t<\/div>\n\t\t\t\t<div class=\"elementor-element elementor-element-322791a9 elementor-widget elementor-widget-text-editor\" data-id=\"322791a9\" data-element_type=\"widget\" data-widget_type=\"text-editor.default\">\n\t\t\t\t<div class=\"elementor-widget-container\">\n\t\t\t\t\t<div class=\"elementor-text-editor elementor-clearfix\"><h6>Sans forc\u00e9ment vous diriger vers la comp\u00e9tition, vous pouvez apprendre \u00e0 votre chien, des exercices avec plus de difficult\u00e9s et de techniques, tout en cr\u00e9ant un moment unique avec lui. Vous renforcerez votre complicit\u00e9 et votre chien d\u00e9couvrira de nouveaux exercices qui le stimuleront mentalement.<\/h6>\n<h6>Nous verrons ensemble par rapport au niveau de votre chien et je vous montrerai des exercices \u00e0 la fois amusants et stimulants.<\/h6>\n<ul>\n<li>\n<h6>Exercice du rapport d&#8217;objet<\/h6>\n<\/li>\n<li>\n<h6>Exercice de l&#8217;envoi en avant<\/h6>\n<\/li>\n<li>\n<h6>Exercice du tour de c\u00f4ne<\/h6>\n<\/li>\n<li>\n<h6>Saut de haie<\/h6>\n<\/li>\n<\/ul>\n<h6>Nous pourrons voir \u00e9galement le perfectionnement dans des exercices que nous aurons vu ensemble, comme l&#8217;absence, la marche, les positions etc..\u00a0<\/h6><\/div>\n\t\t\t\t<\/div>\n\t\t\t\t<\/div>\n\t\t\t\t<div class=\"elementor-element elementor-element-02cc15d elementor-widget elementor-widget-text-editor\" data-id=\"02cc15d\" data-element_type=\"widget\" data-widget_type=\"text-editor.default\">\n\t\t\t\t<div class=\"elementor-widget-container\">\n\t\t\t\t\t<div class=\"elementor-text-editor elementor-clearfix\"><p><b>Rappel : je ne pr\u00e9pare pas \u00e0 la comp\u00e9tition, je suis l\u00e0 pour vous montrer quelques exercices d&#8217;ob\u00e9issance et augmenter la difficult\u00e9 des exercices de base afin de perfectionner votre chien.<\/b><\/p>\n<p><strong>Bien \u00e9videmment si la discipline vous int\u00e9resse, je vous dirigerai vers un club.<\/strong><\/p><\/div>\n\t\t\t\t<\/div>\n\t\t\t\t<\/div>\n\t\t\t\t\t\t<\/div>\n\t\t\t\t\t<\/div>\n\t\t<\/div>\n\t\t\t\t<div class=\"elementor-column elementor-col-33 elementor-top-column elementor-element elementor-element-37b7cc9\" data-id=\"37b7cc9\" data-element_type=\"column\">\n\t\t\t<div class=\"elementor-column-wrap elementor-element-populated\">\n\t\t\t\t\t\t\t<div class=\"elementor-widget-wrap\">\n\t\t\t\t\t\t<div class=\"elementor-element elementor-element-c76bf24 elementor-widget elementor-widget-heading\" data-id=\"c76bf24\" data-element_type=\"widget\" data-widget_type=\"heading.default\">\n\t\t\t\t<div class=\"elementor-widget-container\">\n\t\t\t<h2 class=\"elementor-heading-title elementor-size-default\">\u00c0 propos<\/h2>\t\t<\/div>\n\t\t\t\t<\/div>\n\t\t\t\t<div class=\"elementor-element elementor-element-49d58a7d elementor-widget elementor-widget-text-editor\" data-id=\"49d58a7d\" data-element_type=\"widget\" data-widget_type=\"text-editor.default\">\n\t\t\t\t<div class=\"elementor-widget-container\">\n\t\t\t\t\t<div class=\"elementor-text-editor elementor-clearfix\"><h6>L&#8217;ob\u00e9issance est une discipline qui reprend des exercices de bases, avec\u00a0 pr\u00e9cision et technique, tout en renfor\u00e7ant la complicit\u00e9 ma\u00eetre\/chien et en mettant en valeur les qualit\u00e9s naturelles du chien. La discipline est compos\u00e9 de plusieurs niveaux :\u00a0<\/h6>\n<ul>\n<li>\n<h6>Brevet (Chien d\u00e9butant)<\/h6>\n<\/li>\n<li>\n<h6>Classe I<\/h6>\n<\/li>\n<li>\n<h6>Classe II\u00a0<\/h6>\n<\/li>\n<li>\n<h6>Classe III<\/h6>\n<\/li>\n<\/ul>\n<h6>Elle est ouverte aux chiens inscrits au &#8221; Livre des Origines Fran\u00e7ais&#8221;, et par d\u00e9rogation, aux chiens non LOF, quelque soit la race.<\/h6><\/div>\n\t\t\t\t<\/div>\n\t\t\t\t<\/div>\n\t\t\t\t<div class=\"elementor-element elementor-element-15ba5fa elementor-widget elementor-widget-image\" data-id=\"15ba5fa\" data-element_type=\"widget\" data-widget_type=\"image.default\">\n\t\t\t\t<div class=\"elementor-widget-container\">\n\t\t\t\t\t<div class=\"elementor-image\">\n\t\t\t\t\t\t\t\t\t\t<img width=\"855\" height=\"1140\" src=\"https:\/\/c2-educcanin.fr\/wp-content\/uploads\/2021\/02\/jinxmarche.jpg\" class=\"elementor-animation-grow attachment-full size-full\" alt=\"\" loading=\"lazy\" srcset=\"https:\/\/c2-educcanin.fr\/wp-content\/uploads\/2021\/02\/jinxmarche.jpg 855w, https:\/\/c2-educcanin.fr\/wp-content\/uploads\/2021\/02\/jinxmarche-225x300.jpg 225w, https:\/\/c2-educcanin.fr\/wp-content\/uploads\/2021\/02\/jinxmarche-768x1024.jpg 768w\" sizes=\"(max-width: 855px) 100vw, 855px\" \/>\t\t\t\t\t\t\t\t\t\t\t<\/div>\n\t\t\t\t<\/div>\n\t\t\t\t<\/div>\n\t\t\t\t\t\t<\/div>\n\t\t\t\t\t<\/div>\n\t\t<\/div>\n\t\t\t\t\t\t\t\t<\/div>\n\t\t\t\t\t<\/div>\n\t\t<\/section>\n\t\t\t\t<section class=\"elementor-section elementor-top-section elementor-element elementor-element-3065f9c6 elementor-section-content-middle elementor-section-boxed elementor-section-height-default elementor-section-height-default\" data-id=\"3065f9c6\" data-element_type=\"section\">\n\t\t\t\t\t\t<div class=\"elementor-container elementor-column-gap-no\">\n\t\t\t\t\t\t\t<div class=\"elementor-row\">\n\t\t\t\t\t<div class=\"elementor-column elementor-col-50 elementor-top-column elementor-element elementor-element-459fa5b5\" data-id=\"459fa5b5\" data-element_type=\"column\">\n\t\t\t<div class=\"elementor-column-wrap elementor-element-populated\">\n\t\t\t\t\t\t\t<div class=\"elementor-widget-wrap\">\n\t\t\t\t\t\t<div class=\"elementor-element elementor-element-78bd63bf elementor-widget elementor-widget-image\" data-id=\"78bd63bf\" data-element_type=\"widget\" data-widget_type=\"image.default\">\n\t\t\t\t<div class=\"elementor-widget-container\">\n\t\t\t\t\t<div class=\"elementor-image\">\n\t\t\t\t\t\t\t\t\t\t<img width=\"540\" height=\"430\" src=\"https:\/\/c2-educcanin.fr\/wp-content\/uploads\/2021\/01\/jinx-csau-540x430.jpg\" class=\"attachment-astral-about-thumb size-astral-about-thumb\" alt=\"\" loading=\"lazy\" \/>\t\t\t\t\t\t\t\t\t\t\t<\/div>\n\t\t\t\t<\/div>\n\t\t\t\t<\/div>\n\t\t\t\t\t\t<\/div>\n\t\t\t\t\t<\/div>\n\t\t<\/div>\n\t\t\t\t<div class=\"elementor-column elementor-col-50 elementor-top-column elementor-element elementor-element-466af185\" data-id=\"466af185\" data-element_type=\"column\">\n\t\t\t<div class=\"elementor-column-wrap elementor-element-populated\">\n\t\t\t\t\t\t\t<div class=\"elementor-widget-wrap\">\n\t\t\t\t\t\t<div class=\"elementor-element elementor-element-5789d42a elementor-widget elementor-widget-heading\" data-id=\"5789d42a\" data-element_type=\"widget\" data-widget_type=\"heading.default\">\n\t\t\t\t<div class=\"elementor-widget-container\">\n\t\t\t<span class=\"elementor-heading-title elementor-size-default\">Pr\u00e9paration au CSAU<\/span>\t\t<\/div>\n\t\t\t\t<\/div>\n\t\t\t\t<div class=\"elementor-element elementor-element-10d5ca47 elementor-widget elementor-widget-text-editor\" data-id=\"10d5ca47\" data-element_type=\"widget\" data-widget_type=\"text-editor.default\">\n\t\t\t\t<div class=\"elementor-widget-container\">\n\t\t\t\t\t<div class=\"elementor-text-editor elementor-clearfix\"><h6><strong>Qu&#8217;est-ce-que le CSAU?<\/strong><\/h6>\n<h6>Le CSAU est le <em><strong>C<\/strong>ertificat de <strong>S<\/strong>ociabilit\u00e9 et d&#8217;<strong>A<\/strong>ptitude \u00e0 l&#8217;<strong>U<\/strong>tilisation, <\/em>c&#8217;est un premier examen \u00e9valu\u00e9 par un juge agr\u00e9\u00e9 de la SCC, o\u00f9 le chien devra r\u00e9ussir aux 3 exercices de base de l&#8217;\u00e9ducation : <strong>La marche en laisse<\/strong> avec bruits (pour voir la r\u00e9action du chien), <strong>le rappel<\/strong> et <strong>l&#8217;absence du ma\u00eetre<\/strong> (30 secondes). Le chien sera \u00e9galement not\u00e9 sur sa sociabilit\u00e9 en croisant un autre cong\u00e9n\u00e8re et sur son attitude avec une personne inconnu, en g\u00e9n\u00e9ral le juge part en laisse avec votre chien.<\/h6>\n<h6>Selon la r\u00e9ussite aux exercices, le juge peut donner le CSAU avec 3 qualificatifs diff\u00e9rents : EXCELLENT, TRES BON ou BON.<\/h6>\n<h6>En cas de non satisfaction \u00e0 l&#8217;examen, le chien est ajourn\u00e9 mais pourra se repr\u00e9senter ult\u00e9rieurement \u00e0 une autre session.<\/h6>\n<h6>Le CSAU est accessible \u00e0 TOUS les chiens qui ont minimum 12 mois qu&#8217;ils soit LOF ou Non LOF et c&#8217;est ce dipl\u00f4me qui permet de pratiquer une discipline canine tel que l&#8217;ob\u00e9issance, la recherche utilitaire, le ring, IGP etc.\u2026<\/h6>\n<h6>J&#8217;encourage tous les propri\u00e9taires de chiens \u00e0 le passer, m\u00eame si vous ne faites pas de disciplines apr\u00e8s, cela montre les acquis de votre chien au niveau de l&#8217;\u00e9ducation de base et cela r\u00e9compense votre travail en tant que ma\u00eetre.\u00a0<\/h6>\n<h6>Lors de mes s\u00e9ances d&#8217;\u00e9ducation, nous travaillons en partie les exercices du CSAU, si je vois que votre chien est apte et que vous avez une bonne motivation dans votre travail avec votre chien, j&#8217;aborderai le sujet avec vous mais gardez \u00e0 l&#8217;esprit que ce n&#8217;est pas une obligation.<\/h6><\/div>\n\t\t\t\t<\/div>\n\t\t\t\t<\/div>\n\t\t\t\t\t\t<\/div>\n\t\t\t\t\t<\/div>\n\t\t<\/div>\n\t\t\t\t\t\t\t\t<\/div>\n\t\t\t\t\t<\/div>\n\t\t<\/section>\n\t\t\t\t<section class=\"elementor-section elementor-top-section elementor-element elementor-element-2881e4d elementor-section-boxed elementor-section-height-default elementor-section-height-default\" data-id=\"2881e4d\" data-element_type=\"section\">\n\t\t\t\t\t\t<div class=\"elementor-container elementor-column-gap-default\">\n\t\t\t\t\t\t\t<div class=\"elementor-row\">\n\t\t\t\t\t<div class=\"elementor-column elementor-col-100 elementor-top-column elementor-element elementor-element-bcd7f4d\" data-id=\"bcd7f4d\" data-element_type=\"column\">\n\t\t\t<div class=\"elementor-column-wrap elementor-element-populated\">\n\t\t\t\t\t\t\t<div class=\"elementor-widget-wrap\">\n\t\t\t\t\t\t<div class=\"elementor-element elementor-element-2cfb9b7 elementor-invisible elementor-widget elementor-widget-heading\" data-id=\"2cfb9b7\" data-element_type=\"widget\" data-settings=\"{&quot;_animation&quot;:&quot;lightSpeedIn&quot;}\" data-widget_type=\"heading.default\">\n\t\t\t\t<div class=\"elementor-widget-container\">\n\t\t\t<span class=\"elementor-heading-title elementor-size-default\">Je reste \u00e0 votre disposition pour toutes questions.<\/span>\t\t<\/div>\n\t\t\t\t<\/div>\n\t\t\t\t\t\t<\/div>\n\t\t\t\t\t<\/div>\n\t\t<\/div>\n\t\t\t\t\t\t\t\t<\/div>\n\t\t\t\t\t<\/div>\n\t\t<\/section>\n\t\t\t\t\t\t<\/div>\n\t\t\t\t\t\t<\/div>\n\t\t\t\t\t<\/div>\n\t\t","protected":false},"excerpt":{"rendered":"<p>Perfectionnement<br \/>\n\t\t\tOb\u00e9issance\t\t<\/p>\n<p>\t\tSans forc\u00e9ment vous diriger vers la comp\u00e9tition, vous pouvez apprendre \u00e0 votre chien, des exercices avec plus de difficult\u00e9s et de techniques, tout en cr\u00e9ant un moment unique avec lui. &#8230;<\/p>\n","protected":false},"author":1,"featured_media":0,"parent":0,"menu_order":0,"comment_status":"closed","ping_status":"closed","template":"","meta":[],"_links":{"self":[{"href":"https:\/\/c2-educcanin.fr\/index.php?rest_route=\/wp\/v2\/pages\/564"}],"collection":[{"href":"https:\/\/c2-educcanin.fr\/index.php?rest_route=\/wp\/v2\/pages"}],"about":[{"href":"https:\/\/c2-educcanin.fr\/index.php?rest_route=\/wp\/v2\/types\/page"}],"author":[{"embeddable":true,"href":"https:\/\/c2-educcanin.fr\/index.php?rest_route=\/wp\/v2\/users\/1"}],"replies":[{"embeddable":true,"href":"https:\/\/c2-educcanin.fr\/index.php?rest_route=%2Fwp%2Fv2%2Fcomments&post=564"}],"version-history":[{"count":46,"href":"https:\/\/c2-educcanin.fr\/index.php?rest_route=\/wp\/v2\/pages\/564\/revisions"}],"predecessor-version":[{"id":1000,"href":"https:\/\/c2-educcanin.fr\/index.php?rest_route=\/wp\/v2\/pages\/564\/revisions\/1000"}],"wp:attachment":[{"href":"https:\/\/c2-educcanin.fr\/index.php?rest_route=%2Fwp%2Fv2%2Fmedia&parent=564"}],"curies":[{"name":"wp","href":"https:\/\/api.w.org\/{rel}","templated":true}]}}