{"id":266,"date":"2021-01-22T00:39:08","date_gmt":"2021-01-21T23:39:08","guid":{"rendered":"http:\/\/c2-educcanin.fr\/?page_id=266"},"modified":"2021-02-22T10:23:57","modified_gmt":"2021-02-22T09:23:57","slug":"presentation","status":"publish","type":"page","link":"https:\/\/c2-educcanin.fr\/?page_id=266","title":{"rendered":"Pr\u00e9sentation"},"content":{"rendered":"\t\t<div data-elementor-type=\"wp-page\" data-elementor-id=\"266\" class=\"elementor elementor-266\" data-elementor-settings=\"[]\">\n\t\t\t\t\t\t<div class=\"elementor-inner\">\n\t\t\t\t\t\t\t<div class=\"elementor-section-wrap\">\n\t\t\t\t\t\t\t<section class=\"elementor-section elementor-top-section elementor-element elementor-element-4e3b6dee elementor-section-boxed elementor-section-height-default elementor-section-height-default\" data-id=\"4e3b6dee\" data-element_type=\"section\">\n\t\t\t\t\t\t<div class=\"elementor-container elementor-column-gap-default\">\n\t\t\t\t\t\t\t<div class=\"elementor-row\">\n\t\t\t\t\t<div class=\"elementor-column elementor-col-100 elementor-top-column elementor-element elementor-element-581b85a7\" data-id=\"581b85a7\" data-element_type=\"column\">\n\t\t\t<div class=\"elementor-column-wrap elementor-element-populated\">\n\t\t\t\t\t\t\t<div class=\"elementor-widget-wrap\">\n\t\t\t\t\t\t<div class=\"elementor-element elementor-element-48eae43 elementor-widget elementor-widget-image\" data-id=\"48eae43\" data-element_type=\"widget\" data-widget_type=\"image.default\">\n\t\t\t\t<div class=\"elementor-widget-container\">\n\t\t\t\t\t<div class=\"elementor-image\">\n\t\t\t\t\t\t\t\t\t\t<img width=\"900\" height=\"512\" src=\"https:\/\/c2-educcanin.fr\/wp-content\/uploads\/2021\/01\/moi-1-1024x583.jpg\" class=\"attachment-large size-large\" alt=\"\" loading=\"lazy\" srcset=\"https:\/\/c2-educcanin.fr\/wp-content\/uploads\/2021\/01\/moi-1-1024x583.jpg 1024w, https:\/\/c2-educcanin.fr\/wp-content\/uploads\/2021\/01\/moi-1-300x171.jpg 300w, https:\/\/c2-educcanin.fr\/wp-content\/uploads\/2021\/01\/moi-1-768x437.jpg 768w, https:\/\/c2-educcanin.fr\/wp-content\/uploads\/2021\/01\/moi-1-1536x874.jpg 1536w, https:\/\/c2-educcanin.fr\/wp-content\/uploads\/2021\/01\/moi-1.jpg 2048w\" sizes=\"(max-width: 900px) 100vw, 900px\" \/>\t\t\t\t\t\t\t\t\t\t\t<\/div>\n\t\t\t\t<\/div>\n\t\t\t\t<\/div>\n\t\t\t\t<div class=\"elementor-element elementor-element-1678890b elementor-drop-cap-yes elementor-drop-cap-view-default elementor-widget elementor-widget-text-editor\" data-id=\"1678890b\" data-element_type=\"widget\" data-settings=\"{&quot;drop_cap&quot;:&quot;yes&quot;}\" data-widget_type=\"text-editor.default\">\n\t\t\t\t<div class=\"elementor-widget-container\">\n\t\t\t\t\t<div class=\"elementor-text-editor elementor-clearfix\"><h6>Passionn\u00e9e des chiens depuis l&#8217;enfance, c&#8217;\u00e9tait pour moi une \u00e9vidence qu&#8217;un jour je finirais par travailler aupr\u00e8s d&#8217;eux.\u00a0<\/h6><\/div>\n\t\t\t\t<\/div>\n\t\t\t\t<\/div>\n\t\t\t\t<div class=\"elementor-element elementor-element-19af171 elementor-widget elementor-widget-text-editor\" data-id=\"19af171\" data-element_type=\"widget\" data-widget_type=\"text-editor.default\">\n\t\t\t\t<div class=\"elementor-widget-container\">\n\t\t\t\t\t<div class=\"elementor-text-editor elementor-clearfix\"><h2><em>De la passion au m\u00e9tier d&#8217;\u00e9ducateur canin<\/em><\/h2><\/div>\n\t\t\t\t<\/div>\n\t\t\t\t<\/div>\n\t\t\t\t\t\t<\/div>\n\t\t\t\t\t<\/div>\n\t\t<\/div>\n\t\t\t\t\t\t\t\t<\/div>\n\t\t\t\t\t<\/div>\n\t\t<\/section>\n\t\t\t\t<section class=\"elementor-section elementor-top-section elementor-element elementor-element-c19a149 elementor-section-boxed elementor-section-height-default elementor-section-height-default\" data-id=\"c19a149\" data-element_type=\"section\">\n\t\t\t\t\t\t<div class=\"elementor-container elementor-column-gap-default\">\n\t\t\t\t\t\t\t<div class=\"elementor-row\">\n\t\t\t\t\t<div class=\"elementor-column elementor-col-100 elementor-top-column elementor-element elementor-element-1bdcb4d\" data-id=\"1bdcb4d\" data-element_type=\"column\">\n\t\t\t<div class=\"elementor-column-wrap elementor-element-populated\">\n\t\t\t\t\t\t\t<div class=\"elementor-widget-wrap\">\n\t\t\t\t\t\t<div class=\"elementor-element elementor-element-fbc6104 elementor-widget elementor-widget-text-editor\" data-id=\"fbc6104\" data-element_type=\"widget\" data-widget_type=\"text-editor.default\">\n\t\t\t\t<div class=\"elementor-widget-container\">\n\t\t\t\t\t<div class=\"elementor-text-editor elementor-clearfix\"><h6>Enfant, j&#8217;ai toujours grandi avec des chiens, mais je r\u00eavais d&#8217;avoir mon propre chien. Alors c&#8217;est \u00e0 l&#8217;\u00e2ge de mes 10 ans que j&#8217;ai acquis un golden retriever, nomm\u00e9 Nobody&#8217;s perfect de Champernoune. Un chien doux, facile \u00e0 \u00e9duquer, qui m&#8217;a suivi jusqu&#8217;\u00e0 la fin de mes \u00e9tudes. Durant mon adolescence, j&#8217;ai d\u00e9couvert une autre race, qui est devenue aujourd&#8217;hui ma race de c\u0153ur : Le Rottweiler.<\/h6><h6>Ce n&#8217;est qu&#8217;en 2013 que j&#8217;ai accueilli, mon premier rott, Medal of Honor Iron. \u00c0 ce moment l\u00e0, je ne savais pas qu&#8217;il allait \u00eatre l&#8217;\u00e9l\u00e9ment moteur de mon avenir.<\/h6><h6>Il n&#8217;avait que 5 mois et demi lorsque j&#8217;ai commenc\u00e9 \u00e0 pratiquer l&#8217;ob\u00e9issance, une discipline qui m&#8217;attirait par son exigence et sa technicit\u00e9, tout en renfor\u00e7ant la complicit\u00e9 ma\u00eetre\/chien.<\/h6><\/div>\n\t\t\t\t<\/div>\n\t\t\t\t<\/div>\n\t\t\t\t\t\t<\/div>\n\t\t\t\t\t<\/div>\n\t\t<\/div>\n\t\t\t\t\t\t\t\t<\/div>\n\t\t\t\t\t<\/div>\n\t\t<\/section>\n\t\t\t\t<section class=\"elementor-section elementor-top-section elementor-element elementor-element-e084544 elementor-section-boxed elementor-section-height-default elementor-section-height-default\" data-id=\"e084544\" data-element_type=\"section\">\n\t\t\t\t\t\t<div class=\"elementor-container elementor-column-gap-default\">\n\t\t\t\t\t\t\t<div class=\"elementor-row\">\n\t\t\t\t\t<div class=\"elementor-column elementor-col-50 elementor-top-column elementor-element elementor-element-8c8def8\" data-id=\"8c8def8\" data-element_type=\"column\">\n\t\t\t<div class=\"elementor-column-wrap elementor-element-populated\">\n\t\t\t\t\t\t\t<div class=\"elementor-widget-wrap\">\n\t\t\t\t\t\t<div class=\"elementor-element elementor-element-e88fb01 elementor-widget elementor-widget-image\" data-id=\"e88fb01\" data-element_type=\"widget\" data-widget_type=\"image.default\">\n\t\t\t\t<div class=\"elementor-widget-container\">\n\t\t\t\t\t<div class=\"elementor-image\">\n\t\t\t\t\t\t\t\t\t\t<img width=\"900\" height=\"675\" src=\"https:\/\/c2-educcanin.fr\/wp-content\/uploads\/2021\/01\/trophee-1024x768.jpg\" class=\"attachment-large size-large\" alt=\"\" loading=\"lazy\" srcset=\"https:\/\/c2-educcanin.fr\/wp-content\/uploads\/2021\/01\/trophee-1024x768.jpg 1024w, https:\/\/c2-educcanin.fr\/wp-content\/uploads\/2021\/01\/trophee-300x225.jpg 300w, https:\/\/c2-educcanin.fr\/wp-content\/uploads\/2021\/01\/trophee-768x576.jpg 768w, https:\/\/c2-educcanin.fr\/wp-content\/uploads\/2021\/01\/trophee-1536x1152.jpg 1536w, https:\/\/c2-educcanin.fr\/wp-content\/uploads\/2021\/01\/trophee.jpg 2048w\" sizes=\"(max-width: 900px) 100vw, 900px\" \/>\t\t\t\t\t\t\t\t\t\t\t<\/div>\n\t\t\t\t<\/div>\n\t\t\t\t<\/div>\n\t\t\t\t\t\t<\/div>\n\t\t\t\t\t<\/div>\n\t\t<\/div>\n\t\t\t\t<div class=\"elementor-column elementor-col-50 elementor-top-column elementor-element elementor-element-6a41400\" data-id=\"6a41400\" data-element_type=\"column\">\n\t\t\t<div class=\"elementor-column-wrap elementor-element-populated\">\n\t\t\t\t\t\t\t<div class=\"elementor-widget-wrap\">\n\t\t\t\t\t\t<div class=\"elementor-element elementor-element-d3a68f4 elementor-widget elementor-widget-text-editor\" data-id=\"d3a68f4\" data-element_type=\"widget\" data-widget_type=\"text-editor.default\">\n\t\t\t\t<div class=\"elementor-widget-container\">\n\t\t\t\t\t<div class=\"elementor-text-editor elementor-clearfix\"><h6>Des ann\u00e9es de comp\u00e9tition et de nombreuses coupes sont venues s&#8217;ajouter \u00e0 notre tableau, allant de la coupe &#8220;podium&#8221; \u00e0 la coupe coup de c\u0153ur du juge.<\/h6>\n<h6>Mars 2019, une petite nouvelle a rejoint la famille, P&#8217;Jinx du Temple d&#8217;Adranos, femelle rottweiler qui fera aussi de la comp\u00e9tition et des concours de beaut\u00e9.<\/h6>\n<h6>Mon parcours de comp\u00e9titrice et mes divers stages effectu\u00e9s m&#8217; ont donn\u00e9 envie d&#8217;apporter mon aide, en tant que b\u00e9n\u00e9vole, pour l&#8217;\u00e9ducation canine dans le club canin o\u00f9 je suis licenci\u00e9e.<\/h6><\/div>\n\t\t\t\t<\/div>\n\t\t\t\t<\/div>\n\t\t\t\t\t\t<\/div>\n\t\t\t\t\t<\/div>\n\t\t<\/div>\n\t\t\t\t\t\t\t\t<\/div>\n\t\t\t\t\t<\/div>\n\t\t<\/section>\n\t\t\t\t<section class=\"elementor-section elementor-top-section elementor-element elementor-element-5c26cef elementor-section-boxed elementor-section-height-default elementor-section-height-default\" data-id=\"5c26cef\" data-element_type=\"section\">\n\t\t\t\t\t\t<div class=\"elementor-container elementor-column-gap-default\">\n\t\t\t\t\t\t\t<div class=\"elementor-row\">\n\t\t\t\t\t<div class=\"elementor-column elementor-col-100 elementor-top-column elementor-element elementor-element-f75dfbf\" data-id=\"f75dfbf\" data-element_type=\"column\">\n\t\t\t<div class=\"elementor-column-wrap elementor-element-populated\">\n\t\t\t\t\t\t\t<div class=\"elementor-widget-wrap\">\n\t\t\t\t\t\t<div class=\"elementor-element elementor-element-55e22df elementor-widget elementor-widget-text-editor\" data-id=\"55e22df\" data-element_type=\"widget\" data-widget_type=\"text-editor.default\">\n\t\t\t\t<div class=\"elementor-widget-container\">\n\t\t\t\t\t<div class=\"elementor-text-editor elementor-clearfix\"><h6>D\u00e9but 2020, j&#8217;ai d\u00e9cid\u00e9 de passer mon MEC1 (<em>Monitorat en \u00e9ducation canine 1er degr\u00e9<\/em>) agr\u00e9\u00e9 par la SCC (<em>Soci\u00e9t\u00e9 Centrale Canine<\/em>) pour pouvoir animer les cours collectifs en club.<\/h6><h6>Mes ann\u00e9es en club canin m&#8217;ont permis de voir diff\u00e9rents chiens, toutes races confondues, ayant pour certains des probl\u00e8mes de comportement. J&#8217;ai \u00e9galement constat\u00e9 que des propri\u00e9taires rencontraient des soucis \u00e0 domicile ou en ext\u00e9rieur lors de balade en ville. Or, en tant que b\u00e9n\u00e9vole, nous ne pouvons pas intervenir en ext\u00e9rieur, ni intervenir \u00e0 titre personnel, j&#8217;ai donc d\u00e9cid\u00e9 de faire une reconversion professionnelle.<\/h6><\/div>\n\t\t\t\t<\/div>\n\t\t\t\t<\/div>\n\t\t\t\t\t\t<\/div>\n\t\t\t\t\t<\/div>\n\t\t<\/div>\n\t\t\t\t\t\t\t\t<\/div>\n\t\t\t\t\t<\/div>\n\t\t<\/section>\n\t\t\t\t<section class=\"elementor-section elementor-top-section elementor-element elementor-element-02cdc3d elementor-section-boxed elementor-section-height-default elementor-section-height-default\" data-id=\"02cdc3d\" data-element_type=\"section\">\n\t\t\t\t\t\t<div class=\"elementor-container elementor-column-gap-default\">\n\t\t\t\t\t\t\t<div class=\"elementor-row\">\n\t\t\t\t\t<div class=\"elementor-column elementor-col-50 elementor-top-column elementor-element elementor-element-e881674\" data-id=\"e881674\" data-element_type=\"column\">\n\t\t\t<div class=\"elementor-column-wrap elementor-element-populated\">\n\t\t\t\t\t\t\t<div class=\"elementor-widget-wrap\">\n\t\t\t\t\t\t<div class=\"elementor-element elementor-element-e96c260 elementor-widget elementor-widget-text-editor\" data-id=\"e96c260\" data-element_type=\"widget\" data-widget_type=\"text-editor.default\">\n\t\t\t\t<div class=\"elementor-widget-container\">\n\t\t\t\t\t<div class=\"elementor-text-editor elementor-clearfix\"><h6>Apr\u00e8s plusieurs ann\u00e9es dans le commerce et mon exp\u00e9rience en club, je me suis lanc\u00e9e dans un nouveau projet : <strong>devenir \u00e9ducateur canin<\/strong> \u00e0 mon propre compte.<\/h6><h6>J&#8217;ai donc entrepris, novembre 2020, une formation d&#8217;\u00e9ducateur canin, au CFPPA d&#8217;Auxerre-Venoy, encadr\u00e9 par Baptiste BORTOLONI. \u00c0 l&#8217;issue de la formation,\u00a0 j&#8217;ai obtenu la partie pratique du BP \u00e9ducateur canin ainsi que <strong>l&#8217; ACACED<\/strong> (<em>Attestation de connaissances pour les animaux de compagnie d&#8217;esp\u00e8ces domestiques<\/em>) et le <strong>TAV <\/strong>(<em>Transport d&#8217;animaux vivants<\/em>).<\/h6><h6>J&#8217;ai \u00e9galement suivi un module d&#8217;initiation \u00e0 l&#8217;osth\u00e9opathie canine et un module sur le secourisme canin.<\/h6><\/div>\n\t\t\t\t<\/div>\n\t\t\t\t<\/div>\n\t\t\t\t\t\t<\/div>\n\t\t\t\t\t<\/div>\n\t\t<\/div>\n\t\t\t\t<div class=\"elementor-column elementor-col-50 elementor-top-column elementor-element elementor-element-54e64d7\" data-id=\"54e64d7\" data-element_type=\"column\">\n\t\t\t<div class=\"elementor-column-wrap elementor-element-populated\">\n\t\t\t\t\t\t\t<div class=\"elementor-widget-wrap\">\n\t\t\t\t\t\t<div class=\"elementor-element elementor-element-1fe9394 elementor-widget elementor-widget-image\" data-id=\"1fe9394\" data-element_type=\"widget\" data-widget_type=\"image.default\">\n\t\t\t\t<div class=\"elementor-widget-container\">\n\t\t\t\t\t<div class=\"elementor-image\">\n\t\t\t\t\t\t\t\t\t\t<img width=\"900\" height=\"675\" src=\"https:\/\/c2-educcanin.fr\/wp-content\/uploads\/2021\/01\/formation-education-1024x768.jpg\" class=\"attachment-large size-large\" alt=\"\" loading=\"lazy\" srcset=\"https:\/\/c2-educcanin.fr\/wp-content\/uploads\/2021\/01\/formation-education-1024x768.jpg 1024w, https:\/\/c2-educcanin.fr\/wp-content\/uploads\/2021\/01\/formation-education-300x225.jpg 300w, https:\/\/c2-educcanin.fr\/wp-content\/uploads\/2021\/01\/formation-education-768x576.jpg 768w, https:\/\/c2-educcanin.fr\/wp-content\/uploads\/2021\/01\/formation-education.jpg 1440w\" sizes=\"(max-width: 900px) 100vw, 900px\" \/>\t\t\t\t\t\t\t\t\t\t\t<\/div>\n\t\t\t\t<\/div>\n\t\t\t\t<\/div>\n\t\t\t\t\t\t<\/div>\n\t\t\t\t\t<\/div>\n\t\t<\/div>\n\t\t\t\t\t\t\t\t<\/div>\n\t\t\t\t\t<\/div>\n\t\t<\/section>\n\t\t\t\t<section class=\"elementor-section elementor-top-section elementor-element elementor-element-2d01ec0 elementor-section-boxed elementor-section-height-default elementor-section-height-default\" data-id=\"2d01ec0\" data-element_type=\"section\">\n\t\t\t\t\t\t<div class=\"elementor-container elementor-column-gap-default\">\n\t\t\t\t\t\t\t<div class=\"elementor-row\">\n\t\t\t\t\t<div class=\"elementor-column elementor-col-100 elementor-top-column elementor-element elementor-element-68f7206\" data-id=\"68f7206\" data-element_type=\"column\">\n\t\t\t<div class=\"elementor-column-wrap elementor-element-populated\">\n\t\t\t\t\t\t\t<div class=\"elementor-widget-wrap\">\n\t\t\t\t\t\t<div class=\"elementor-element elementor-element-b992fbf elementor-widget elementor-widget-text-editor\" data-id=\"b992fbf\" data-element_type=\"widget\" data-widget_type=\"text-editor.default\">\n\t\t\t\t<div class=\"elementor-widget-container\">\n\t\t\t\t\t<div class=\"elementor-text-editor elementor-clearfix\"><h6>Mes projets 2021 seront d&#8217;enrichir mon parcours, par une formation PECCRAM (Programme d&#8217;\u00e9ducation \u00e0 la connaissance du chien et au risque d&#8217;accident par morsure) pour pouvoir intervenir en \u00e9cole aupr\u00e8s d&#8217;enfants de 4 \u00e0 10 ans, de d\u00e9buter dans l&#8217;\u00e9levage familial de rottweiler mais surtout <strong>vous accompagner dans l&#8217;\u00e9ducation de votre chien\/ futur chien, tout en partageant mon savoir-faire<\/strong>.<\/h6><\/div>\n\t\t\t\t<\/div>\n\t\t\t\t<\/div>\n\t\t\t\t\t\t<\/div>\n\t\t\t\t\t<\/div>\n\t\t<\/div>\n\t\t\t\t\t\t\t\t<\/div>\n\t\t\t\t\t<\/div>\n\t\t<\/section>\n\t\t\t\t\t\t<\/div>\n\t\t\t\t\t\t<\/div>\n\t\t\t\t\t<\/div>\n\t\t","protected":false},"excerpt":{"rendered":"<p>\nPassionn\u00e9e des chiens depuis l&#8217;enfance, c&#8217;\u00e9tait pour moi une \u00e9vidence qu&#8217;un jour je finirais par travailler aupr\u00e8s d&#8217;eux.\u00a0<br \/>\nDe la passion au m\u00e9tier d&#8217;\u00e9ducateur canin<br \/>\nEnfant, j&#8217;ai toujours grandi avec des chiens, &#8230;<\/p>\n","protected":false},"author":1,"featured_media":0,"parent":0,"menu_order":0,"comment_status":"closed","ping_status":"closed","template":"","meta":[],"_links":{"self":[{"href":"https:\/\/c2-educcanin.fr\/index.php?rest_route=\/wp\/v2\/pages\/266"}],"collection":[{"href":"https:\/\/c2-educcanin.fr\/index.php?rest_route=\/wp\/v2\/pages"}],"about":[{"href":"https:\/\/c2-educcanin.fr\/index.php?rest_route=\/wp\/v2\/types\/page"}],"author":[{"embeddable":true,"href":"https:\/\/c2-educcanin.fr\/index.php?rest_route=\/wp\/v2\/users\/1"}],"replies":[{"embeddable":true,"href":"https:\/\/c2-educcanin.fr\/index.php?rest_route=%2Fwp%2Fv2%2Fcomments&post=266"}],"version-history":[{"count":75,"href":"https:\/\/c2-educcanin.fr\/index.php?rest_route=\/wp\/v2\/pages\/266\/revisions"}],"predecessor-version":[{"id":986,"href":"https:\/\/c2-educcanin.fr\/index.php?rest_route=\/wp\/v2\/pages\/266\/revisions\/986"}],"wp:attachment":[{"href":"https:\/\/c2-educcanin.fr\/index.php?rest_route=%2Fwp%2Fv2%2Fmedia&parent=266"}],"curies":[{"name":"wp","href":"https:\/\/api.w.org\/{rel}","templated":true}]}}